{"id":51512,"date":"2024-04-09T11:20:32","date_gmt":"2024-04-09T09:20:32","guid":{"rendered":"https:\/\/www.cmporte.it\/?page_id=51512"},"modified":"2024-04-09T11:20:34","modified_gmt":"2024-04-09T09:20:34","slug":"cm-porte","status":"publish","type":"page","link":"https:\/\/www.cmporte.it\/","title":{"rendered":"CM Porte"},"content":{"rendered":"<p>[vc_row css_animation=&#8221;&#8221; row_type=&#8221;row&#8221; use_row_as_full_screen_section=&#8221;no&#8221; type=&#8221;grid&#8221; text_align=&#8221;left&#8221; video=&#8221;&#8221; padding_top=&#8221;45&#8243; box_shadow_on_row=&#8221;no&#8221;][vc_column width=&#8221;1\/6&#8243;][vc_separator type=&#8221;normal&#8221; color=&#8221;#d21442&#8243; border_style=&#8221;solid&#8221; up=&#8221;125&#8243;][\/vc_column][vc_column width=&#8221;2\/3&#8243;][vc_single_image image=&#8221;51451&#8243; img_size=&#8221;1920&#215;1080&#8243; alignment=&#8221;center&#8221; eltd_css_animation=&#8221;element_from_right&#8221; transition_delay=&#8221;2,5&#8243;][\/vc_column][vc_column width=&#8221;1\/6&#8243;][vc_separator type=&#8221;normal&#8221; color=&#8221;#d21442&#8243; border_style=&#8221;solid&#8221; up=&#8221;125&#8243;][\/vc_column][\/vc_row][vc_row css_animation=&#8221;&#8221; row_type=&#8221;row&#8221; use_row_as_full_screen_section=&#8221;no&#8221; type=&#8221;grid&#8221; text_align=&#8221;left&#8221; video=&#8221;&#8221; box_shadow_on_row=&#8221;no&#8221;][vc_column][vc_empty_space height=&#8221;25px&#8221; image_repeat=&#8221;no-repeat&#8221;][vc_column_text]<\/p>\n<blockquote>\n<h3 style=\"text-align: center;\"><span style=\"text-decoration: underline;\"><span style=\"color: #d21442; text-decoration: underline;\">AZIENDA<\/span><\/span><\/h3>\n<p style=\"text-align: justify;\"><strong>CM Porte <\/strong>da oltre 40 anni realizza esclusive soluzioni d\u2019arredo per separare gli ambienti interni di case ed uffici. Nello stabilimento di <strong>Montelupone (Macerata),<\/strong> <strong>tecnologia<\/strong> ed <strong>esperienza artigianale<\/strong> si fondono e danno vita ad una vasta collezione di porte in legno <strong>Laminato, Laccato<\/strong> e a\u00a0<strong>Vetro. <\/strong>Le soluzioni CM Porte, <strong>sia standard che su misura<\/strong>, soddisfano le richieste pi\u00f9 esigenti e sono disponibili nelle versioni a battente, scorrevoli, pieghevoli, a vento, tuttovetro e rasomuro. CM Porte offre da sempre il servizio di sostituzione delle vecchio prodotto con i nuovi modelli, senza effettuare lavori di muratura. Specializzata inoltre in porte in Laminato, l\u2019azienda realizza anche portoni blindati su misura, e dispone di un\u2019ampia scelta di porte in pronta consegna con deposito.<\/p>\n<\/blockquote>\n<p>[\/vc_column_text][vc_empty_space height=&#8221;45px&#8221; image_repeat=&#8221;no-repeat&#8221;][\/vc_column][\/vc_row][vc_row css_animation=&#8221;&#8221; row_type=&#8221;row&#8221; use_row_as_full_screen_section=&#8221;no&#8221; type=&#8221;grid&#8221; text_align=&#8221;left&#8221; video=&#8221;&#8221; box_shadow_on_row=&#8221;no&#8221;][vc_column width=&#8221;1\/2&#8243;][vc_empty_space image_repeat=&#8221;no-repeat&#8221;][vc_column_text]<\/p>\n<h3 style=\"text-align: center;\" align=\"JUSTIFY\"><span style=\"color: #d21442;\">PROGETTAZIONE<\/span><\/h3>\n<blockquote>\n<p style=\"text-align: justify;\">Attenzione per il cliente e passione per il lavoro sono al centro della filosofia che CM Porte quotidianamente applica e rispetta. Un lavoro che si basa inoltre sulla costante ricerca di soluzioni estetiche e funzionali, che permette di ampliare l\u2019offerta di modelli e quindi di soddisfare le innumerevoli esigenze del cliente. Le soluzioni proposte sono progettate con un\u2019attenzione rivolta sia all\u2019evoluzione dello stile contemporaneo e sia al rispetto della tradizione artigianale. Le collezioni offrono innumerevoli possibilit\u00e0 di scelta, adeguabili a progetti su misura e con un rapporto qualit\u00e0\/prezzo, assolutamente concorrenziale.<\/p>\n<\/blockquote>\n<p>[\/vc_column_text][vc_empty_space height=&#8221;37px&#8221; image_repeat=&#8221;no-repeat&#8221;][\/vc_column][vc_column width=&#8221;1\/2&#8243;][vc_empty_space image_repeat=&#8221;no-repeat&#8221;][vc_column_text]<\/p>\n<h3 style=\"text-align: center;\"><span style=\"color: #d21442;\">REALIZZAZIONE<\/span><\/h3>\n<blockquote>\n<p style=\"text-align: justify;\">Professionalit\u00e0 e puntualit\u00e0 sono i valori che guidano CM Porte nella realizzazione dei suoi prodotti. Ogni fase della fabbricazione, dal taglio del legno, alla verniciatura, dalla decorazione al montaggio \u00e8 sviluppata all\u2019interno dello stabilimento di Montelupone da abili professionisti. La qualit\u00e0 si percepisce in ogni dettaglio perch\u00e9, la tecnologia dei macchinari da taglio pi\u00f9 moderni ed evoluti \u00e8 sempre integrata, dalla grande esperienza degli operatori che portano a definizione prodotti di pregio, con l\u2019utilizzo esclusivo di materia prima di grande qualit\u00e0.<\/p>\n<\/blockquote>\n<p>[\/vc_column_text][\/vc_column][\/vc_row][vc_row css_animation=&#8221;&#8221; row_type=&#8221;row&#8221; use_row_as_full_screen_section=&#8221;no&#8221; type=&#8221;full_width&#8221; text_align=&#8221;left&#8221; video=&#8221;&#8221; box_shadow_on_row=&#8221;no&#8221;][vc_column][vc_empty_space height=&#8221;42px&#8221; image_repeat=&#8221;no-repeat&#8221;][vc_column_text]<\/p>\n<h3 style=\"text-align: center;\"><span style=\"text-decoration: underline;\"><span style=\"color: #d21442; text-decoration: underline;\">COLLEZIONI<\/span><\/span><\/h3>\n<p>[\/vc_column_text][vc_empty_space height=&#8221;42px&#8221; image_repeat=&#8221;no-repeat&#8221;][vc_column_text]<br \/>\n[\/vc_column_text]<div class='projects_holder_outer v3 portfolio_with_space portfolio_with_hover_text '><div class='portfolio_main_holder projects_holder slide_from_top clearfix v3 hover_text'>\n<article  class='mix portfolio_category_80 '><div class=\"item_holder upward_hover\"><div class=\"text_holder\" style=\"background-color:#d21442;\"><div class=\"text_holder_outer\"><div class=\"text_holder_inner\"><h4 class=\"portfolio_title\" style=\"color: #ffffff;\">LAMINATO<\/h4><\/div><\/div><\/div><a class=\"portfolio_link_class\" href=\"http:\/\/www.cmporte.it\/index.php\/laminato\/\" target=_blank><\/a><div class=\"portfolio_shader\" ><\/div><div class=\"image_holder\"><span class=\"image\"><img loading=\"lazy\" decoding=\"async\" width=\"712\" height=\"712\" src=\"https:\/\/www.cmporte.it\/wp-content\/uploads\/2016\/05\/CMporte-7-712x712.jpg\" class=\"attachment-full size-full wp-post-image\" alt=\"\" srcset=\"https:\/\/www.cmporte.it\/wp-content\/uploads\/2016\/05\/CMporte-7-712x712.jpg 712w, https:\/\/www.cmporte.it\/wp-content\/uploads\/2016\/05\/CMporte-7-712x712-150x150.jpg 150w, https:\/\/www.cmporte.it\/wp-content\/uploads\/2016\/05\/CMporte-7-712x712-300x300.jpg 300w, https:\/\/www.cmporte.it\/wp-content\/uploads\/2016\/05\/CMporte-7-712x712-250x250.jpg 250w, https:\/\/www.cmporte.it\/wp-content\/uploads\/2016\/05\/CMporte-7-712x712-550x550.jpg 550w, https:\/\/www.cmporte.it\/wp-content\/uploads\/2016\/05\/CMporte-7-712x712-700x700.jpg 700w\" sizes=\"(max-width: 712px) 100vw, 712px\" \/><\/span><\/div><\/div><\/article>\n<article  class='mix portfolio_category_80 '><div class=\"item_holder upward_hover\"><div class=\"text_holder\" style=\"background-color:#d21442;\"><div class=\"text_holder_outer\"><div class=\"text_holder_inner\"><h4 class=\"portfolio_title\" style=\"color: #ffffff;\">LACCATO<\/h4><\/div><\/div><\/div><a class=\"portfolio_link_class\" href=\"http:\/\/cmporte.it\/index.php\/laccato\/\" target=_blank><\/a><div class=\"portfolio_shader\" ><\/div><div class=\"image_holder\"><span class=\"image\"><img loading=\"lazy\" decoding=\"async\" width=\"712\" height=\"712\" src=\"https:\/\/www.cmporte.it\/wp-content\/uploads\/2016\/05\/CMporte-6-712x712.jpg\" class=\"attachment-full size-full wp-post-image\" alt=\"\" srcset=\"https:\/\/www.cmporte.it\/wp-content\/uploads\/2016\/05\/CMporte-6-712x712.jpg 712w, https:\/\/www.cmporte.it\/wp-content\/uploads\/2016\/05\/CMporte-6-712x712-150x150.jpg 150w, https:\/\/www.cmporte.it\/wp-content\/uploads\/2016\/05\/CMporte-6-712x712-300x300.jpg 300w, https:\/\/www.cmporte.it\/wp-content\/uploads\/2016\/05\/CMporte-6-712x712-250x250.jpg 250w, https:\/\/www.cmporte.it\/wp-content\/uploads\/2016\/05\/CMporte-6-712x712-550x550.jpg 550w, https:\/\/www.cmporte.it\/wp-content\/uploads\/2016\/05\/CMporte-6-712x712-700x700.jpg 700w\" sizes=\"(max-width: 712px) 100vw, 712px\" \/><\/span><\/div><\/div><\/article>\n<article  class='mix portfolio_category_80 '><div class=\"item_holder upward_hover\"><div class=\"text_holder\" style=\"background-color:#d21442;\"><div class=\"text_holder_outer\"><div class=\"text_holder_inner\"><h4 class=\"portfolio_title\" style=\"color: #ffffff;\">VETRO<\/h4><\/div><\/div><\/div><a class=\"portfolio_link_class\" href=\"http:\/\/cmporte.it\/index.php\/vetro\/\" target=_blank><\/a><div class=\"portfolio_shader\" ><\/div><div class=\"image_holder\"><span class=\"image\"><img loading=\"lazy\" decoding=\"async\" width=\"712\" height=\"712\" src=\"https:\/\/www.cmporte.it\/wp-content\/uploads\/2016\/05\/CMporte-5-712x712.jpg\" class=\"attachment-full size-full wp-post-image\" alt=\"\" srcset=\"https:\/\/www.cmporte.it\/wp-content\/uploads\/2016\/05\/CMporte-5-712x712.jpg 712w, https:\/\/www.cmporte.it\/wp-content\/uploads\/2016\/05\/CMporte-5-712x712-150x150.jpg 150w, https:\/\/www.cmporte.it\/wp-content\/uploads\/2016\/05\/CMporte-5-712x712-300x300.jpg 300w, https:\/\/www.cmporte.it\/wp-content\/uploads\/2016\/05\/CMporte-5-712x712-250x250.jpg 250w, https:\/\/www.cmporte.it\/wp-content\/uploads\/2016\/05\/CMporte-5-712x712-550x550.jpg 550w, https:\/\/www.cmporte.it\/wp-content\/uploads\/2016\/05\/CMporte-5-712x712-700x700.jpg 700w\" sizes=\"(max-width: 712px) 100vw, 712px\" \/><\/span><\/div><\/div><\/article>\n<div class='filler'><\/div>\n<div class='filler'><\/div>\n<div class='filler'><\/div>\n<\/div><\/div>[vc_empty_space height=&#8221;42px&#8221; image_repeat=&#8221;no-repeat&#8221;][vc_column_text]<\/p>\n<h3 style=\"text-align: center;\"><span style=\"text-decoration: underline; color: #d21442;\">CONTATTI<\/span><\/h3>\n<p>[\/vc_column_text][vc_empty_space height=&#8221;42px&#8221; image_repeat=&#8221;no-repeat&#8221;][\/vc_column][\/vc_row][vc_row css_animation=&#8221;&#8221; row_type=&#8221;row&#8221; use_row_as_full_screen_section=&#8221;no&#8221; type=&#8221;grid&#8221; text_align=&#8221;left&#8221; video=&#8221;&#8221; box_shadow_on_row=&#8221;no&#8221;][vc_column width=&#8221;1\/2&#8243;][vc_column_text]<strong><span style=\"color: #d21442;\">INFO<\/span><\/strong><\/p>\n<p><strong>Indirizzo:<span style=\"color: #d21442;\"><em> Via Virgilio Guzzini,1. Montelupone(MC)<\/em><\/span><\/strong><\/p>\n<p><strong>Telefono: <span style=\"color: #d21442;\"><em>0733\/224003<\/em><\/span><\/strong><\/p>\n<p><strong>Email: <span style=\"color: #d21442;\"><em><a href=\"mailto:commercialecmporte@gmail.com\">commercialecmporte@gmail.com<\/a><\/em><\/span><\/strong>[\/vc_column_text][\/vc_column][vc_column width=&#8221;1\/2&#8243;][vc_column_text]<span style=\"color: #d21442;\"><strong>SHOOWROOM<\/strong><\/span><\/p>\n<p><strong>Luned\u00ec \/ Venerd\u00ec: 9.00 \u2013 12.30; 14.00 \u2013 19.00<\/strong><\/p>\n<p><strong>Sabato: 9.30 \u2013 12.30; pomeriggio su appuntamento<\/strong><\/p>\n<p><strong>Domenica Chiuso<\/strong>[\/vc_column_text][\/vc_column][\/vc_row][vc_row css_animation=&#8221;&#8221; row_type=&#8221;row&#8221; use_row_as_full_screen_section=&#8221;no&#8221; type=&#8221;full_width&#8221; text_align=&#8221;left&#8221; video=&#8221;&#8221; box_shadow_on_row=&#8221;no&#8221;][vc_column][vc_empty_space height=&#8221;42px&#8221; image_repeat=&#8221;no-repeat&#8221;][\/vc_column][\/vc_row][vc_row css_animation=&#8221;&#8221; row_type=&#8221;row&#8221; use_row_as_full_screen_section=&#8221;no&#8221; type=&#8221;full_width&#8221; text_align=&#8221;left&#8221; video=&#8221;&#8221; box_shadow_on_row=&#8221;no&#8221;][vc_column][vc_raw_html]<\/p>\n<p>JTNDaWZyYW1lJTIwc3JjJTNEJTIyaHR0cHMlM0ElMkYlMkZ3d3cuZ29vZ2xlLmNvbSUyRm1hcHMlMkZlbWJlZCUzRnBiJTNEJTIxMW0xNCUyMTFtOCUyMTFtMyUyMTFkMjMyMDIuNjAwMDIzMDM5OTUlMjEyZDEzLjU4NTQwMiUyMTNkNDMuMzcwMjI4JTIxM20yJTIxMWkxMDI0JTIxMmk3NjglMjE0ZjEzLjElMjEzbTMlMjExbTIlMjExczB4MCUyNTNBMHgzMTIzNWI2OTY0MmM2MTc5JTIxMnNDbSUyQlBvcnRlJTJCRGklMkJDb3BwYXJpJTJCTWFzc2ltaWxpYW5vJTIxNWUwJTIxM20yJTIxMXNpdCUyMTJzaXQlMjE0djE0NjUyOTc2MTA1NTAlMjIlMjB3aWR0aCUzRCUyMjI2MDAlMjIlMjBoZWlnaHQlM0QlMjI1NTAlMjIlMjBmcmFtZWJvcmRlciUzRCUyMjAlMjIlMjBzdHlsZSUzRCUyMmJvcmRlciUzQTAlMjIlMjBhbGxvd2Z1bGxzY3JlZW4lM0UlM0MlMkZpZnJhbWUlM0U=<\/p>\n<p>[\/vc_raw_html][\/vc_column][\/vc_row]<\/p>\n","protected":false},"excerpt":{"rendered":"<p>[vc_row css_animation=&#8221;&#8221; row_type=&#8221;row&#8221; use_row_as_full_screen_section=&#8221;no&#8221; type=&#8221;grid&#8221; text_align=&#8221;left&#8221; video=&#8221;&#8221; padding_top=&#8221;45&#8243; box_shadow_on_row=&#8221;no&#8221;][vc_column width=&#8221;1\/6&#8243;][vc_separator type=&#8221;normal&#8221; color=&#8221;#d21442&#8243; border_style=&#8221;solid&#8221; up=&#8221;125&#8243;][\/vc_column][vc_column width=&#8221;2\/3&#8243;][vc_single_image image=&#8221;51451&#8243; img_size=&#8221;1920&#215;1080&#8243; alignment=&#8221;center&#8221; eltd_css_animation=&#8221;element_from_right&#8221; transition_delay=&#8221;2,5&#8243;][\/vc_column][vc_column width=&#8221;1\/6&#8243;][vc_separator type=&#8221;normal&#8221; color=&#8221;#d21442&#8243; border_style=&#8221;solid&#8221; up=&#8221;125&#8243;][\/vc_column][\/vc_row][vc_row css_animation=&#8221;&#8221; row_type=&#8221;row&#8221; use_row_as_full_screen_section=&#8221;no&#8221; type=&#8221;grid&#8221; text_align=&#8221;left&#8221; video=&#8221;&#8221; box_shadow_on_row=&#8221;no&#8221;][vc_column][vc_empty_space height=&#8221;25px&#8221; image_repeat=&#8221;no-repeat&#8221;][vc_column_text] AZIENDA CM Porte da oltre 40 anni realizza esclusive soluzioni d\u2019arredo&#8230;<\/p>\n","protected":false},"author":2,"featured_media":0,"parent":0,"menu_order":0,"comment_status":"closed","ping_status":"closed","template":"full_width.php","meta":{"footnotes":""},"_links":{"self":[{"href":"https:\/\/www.cmporte.it\/index.php\/wp-json\/wp\/v2\/pages\/51512"}],"collection":[{"href":"https:\/\/www.cmporte.it\/index.php\/wp-json\/wp\/v2\/pages"}],"about":[{"href":"https:\/\/www.cmporte.it\/index.php\/wp-json\/wp\/v2\/types\/page"}],"author":[{"embeddable":true,"href":"https:\/\/www.cmporte.it\/index.php\/wp-json\/wp\/v2\/users\/2"}],"replies":[{"embeddable":true,"href":"https:\/\/www.cmporte.it\/index.php\/wp-json\/wp\/v2\/comments?post=51512"}],"version-history":[{"count":1,"href":"https:\/\/www.cmporte.it\/index.php\/wp-json\/wp\/v2\/pages\/51512\/revisions"}],"predecessor-version":[{"id":51513,"href":"https:\/\/www.cmporte.it\/index.php\/wp-json\/wp\/v2\/pages\/51512\/revisions\/51513"}],"wp:attachment":[{"href":"https:\/\/www.cmporte.it\/index.php\/wp-json\/wp\/v2\/media?parent=51512"}],"curies":[{"name":"wp","href":"https:\/\/api.w.org\/{rel}","templated":true}]}}